{"id":2687,"date":"2025-08-07T06:31:09","date_gmt":"2025-08-07T06:31:09","guid":{"rendered":"https:\/\/www.morillascoach.com\/avis-legal\/"},"modified":"2025-08-14T09:51:43","modified_gmt":"2025-08-14T09:51:43","slug":"avis-legal","status":"publish","type":"page","link":"https:\/\/www.morillascoach.com\/ca\/avis-legal\/","title":{"rendered":"Av\u00eds Legal"},"content":{"rendered":"\t\t<div data-elementor-type=\"wp-page\" data-elementor-id=\"2687\" class=\"elementor elementor-2687 elementor-2228\" data-elementor-post-type=\"page\">\n\t\t\t\t<div class=\"elementor-element elementor-element-9e1a3b7 e-flex e-con-boxed e-con e-parent\" data-id=\"9e1a3b7\" data-element_type=\"container\" data-e-type=\"container\" data-settings=\"{&quot;background_background&quot;:&quot;classic&quot;}\">\n\t\t\t\t\t<div class=\"e-con-inner\">\n\t\t<div class=\"elementor-element elementor-element-8f73ee5 e-con-full e-flex e-con e-child\" data-id=\"8f73ee5\" data-element_type=\"container\" data-e-type=\"container\">\n\t\t\t\t<div class=\"elementor-element elementor-element-5f94442 elementor-widget elementor-widget-image\" data-id=\"5f94442\" data-element_type=\"widget\" data-e-type=\"widget\" data-widget_type=\"image.default\">\n\t\t\t\t<div class=\"elementor-widget-container\">\n\t\t\t\t\t\t\t\t\t\t\t\t\t\t\t<img fetchpriority=\"high\" decoding=\"async\" width=\"956\" height=\"852\" src=\"https:\/\/www.morillascoach.com\/wp-content\/uploads\/2025\/08\/Mesa-de-trabajo-72@2x.png\" class=\"attachment-large size-large wp-image-2469\" alt=\"morillas coach - logotipo\" srcset=\"https:\/\/www.morillascoach.com\/wp-content\/uploads\/2025\/08\/Mesa-de-trabajo-72@2x.png 956w, https:\/\/www.morillascoach.com\/wp-content\/uploads\/2025\/08\/Mesa-de-trabajo-72@2x-300x267.png 300w, https:\/\/www.morillascoach.com\/wp-content\/uploads\/2025\/08\/Mesa-de-trabajo-72@2x-768x684.png 768w\" sizes=\"(max-width: 956px) 100vw, 956px\" \/>\t\t\t\t\t\t\t\t\t\t\t\t\t\t\t<\/div>\n\t\t\t\t<\/div>\n\t\t\t\t<div class=\"elementor-element elementor-element-e46045d elementor-widget elementor-widget-text-editor\" data-id=\"e46045d\" data-element_type=\"widget\" data-e-type=\"widget\" data-widget_type=\"text-editor.default\">\n\t\t\t\t<div class=\"elementor-widget-container\">\n\t\t\t\t\t\t\t\t\t<p><span style=\"font-style: inherit;\">DOCUMENTS LEGALS<\/span><\/p><p><span style=\"font-style: inherit;\">&#8212;<\/span><\/p>\n<p><b>AV\u00cdS LEGAL<\/b><\/p>\t\t\t\t\t\t\t\t<\/div>\n\t\t\t\t<\/div>\n\t\t\t\t<\/div>\n\t\t\t\t\t<\/div>\n\t\t\t\t<\/div>\n\t\t\t\t<section class=\"elementor-section elementor-top-section elementor-element elementor-element-8srqyl6 elementor-section-content-top elementor-section-boxed elementor-section-height-default elementor-section-height-default\" data-id=\"8srqyl6\" data-element_type=\"section\" data-e-type=\"section\" data-settings=\"{&quot;background_background&quot;:&quot;classic&quot;}\">\n\t\t\t\t\t\t\t<div class=\"elementor-background-overlay\"><\/div>\n\t\t\t\t\t\t\t<div class=\"elementor-container elementor-column-gap-no\">\n\t\t\t\t\t<div class=\"elementor-column elementor-col-100 elementor-top-column elementor-element elementor-element-5312e3d\" data-id=\"5312e3d\" data-element_type=\"column\" data-e-type=\"column\">\n\t\t\t<div class=\"elementor-widget-wrap elementor-element-populated\">\n\t\t\t\t\t\t<div class=\"elementor-element elementor-element-f8e2218 elementor-widget elementor-widget-heading\" data-id=\"f8e2218\" data-element_type=\"widget\" data-e-type=\"widget\" data-widget_type=\"heading.default\">\n\t\t\t\t<div class=\"elementor-widget-container\">\n\t\t\t\t\t<h2 class=\"elementor-heading-title elementor-size-default\">AV\u00cdS LEGAL \u00b7 MORILLAS COACH<\/h2>\t\t\t\t<\/div>\n\t\t\t\t<\/div>\n\t\t\t\t<div class=\"elementor-element elementor-element-14524f7 elementor-widget elementor-widget-text-editor\" data-id=\"14524f7\" data-element_type=\"widget\" data-e-type=\"widget\" data-widget_type=\"text-editor.default\">\n\t\t\t\t<div class=\"elementor-widget-container\">\n\t\t\t\t\t\t\t\t\t<p><b>Titular: Mariano Gast\u00f3n Morillas<br>NIE: Y9910468N<br>Adre\u00e7a: Cartel 2 n\u00famero 116, Capdepera 07580, Illes Balears, Espanya<br>Tel\u00e8fon: 677812360<br>Email: info@morillascoach.com<br>Web: morillascoach.com<\/b><\/p><p> <\/p><p><b>1. Objecte<\/b><br>Aquest Av\u00eds Legal regula les condicions d&#8217;acc\u00e9s, navegaci\u00f3 i \u00fas del lloc web morillascoach.com, aix\u00ed com les responsabilitats derivades de l&#8217;\u00fas dels seus continguts (textos, imatges, v\u00eddeos, etc.).<\/p><p> <\/p><p><b>2. Acceptaci\u00f3 de les condicions d&#8217;\u00fas<\/b><br>L&#8217;acc\u00e9s a aquest web implica l&#8217;acceptaci\u00f3 plena i sense reserves d&#8217;aquest Av\u00eds Legal.<\/p><p> <\/p><p><b>3. Propietat intel\u00b7lectual i industrial<br><\/b>Tots els continguts del lloc web s\u00f3n propietat del titular o es compta amb els drets necessaris per al seu \u00fas. Queda prohibida la reproducci\u00f3, distribuci\u00f3 o modificaci\u00f3 sense autoritzaci\u00f3 pr\u00e8via. <\/p><p> <\/p><p><b>4. Responsabilitat de l&#8217;usuari<br><\/b>L&#8217;usuari es compromet a no fer servir el web amb finalitats il\u00b7legals o que puguin danyar la imatge, interessos o drets del titular o de tercers.<\/p><p> <\/p><p><b>5. Enlla\u00e7os<br><\/b>morillascoach.com pot contenir enlla\u00e7os a llocs de tercers. No s&#8217;assumeix responsabilitat sobre els seus continguts ni sobre els danys que puguin derivar-se del seu \u00fas. <\/p><p> <\/p><p><b>6. Modificacions<br><\/b>El titular es reserva el dret de modificar aquest Av\u00eds Legal en qualsevol moment, sense necessitat de preav\u00eds.<\/p>\t\t\t\t\t\t\t\t<\/div>\n\t\t\t\t<\/div>\n\t\t\t\t\t<\/div>\n\t\t<\/div>\n\t\t\t\t\t<\/div>\n\t\t<\/section>\n\t\t\t\t<\/div>\n\t\t","protected":false},"excerpt":{"rendered":"<p>DOCUMENTS LEGALS &#8212; AV\u00cdS LEGAL AV\u00cdS LEGAL \u00b7 MORILLAS COACH Titular: Mariano Gast\u00f3n MorillasNIE: Y9910468NAdre\u00e7a: Cartel 2 n\u00famero 116, Capdepera 07580, Illes Balears, EspanyaTel\u00e8fon: 677812360Email: info@morillascoach.comWeb: morillascoach.com 1. ObjecteAquest Av\u00eds Legal regula les condicions d&#8217;acc\u00e9s, navegaci\u00f3 i \u00fas del lloc web morillascoach.com, aix\u00ed com les responsabilitats derivades de l&#8217;\u00fas dels seus continguts (textos, imatges, v\u00eddeos, [&hellip;]<\/p>\n","protected":false},"author":1,"featured_media":0,"parent":0,"menu_order":0,"comment_status":"closed","ping_status":"closed","template":"","meta":{"_monsterinsights_skip_tracking":false,"_monsterinsights_sitenote_active":false,"_monsterinsights_sitenote_note":"","_monsterinsights_sitenote_category":0,"site-sidebar-layout":"no-sidebar","site-content-layout":"page-builder","ast-site-content-layout":"full-width-container","site-content-style":"unboxed","site-sidebar-style":"unboxed","ast-global-header-display":"","ast-banner-title-visibility":"","ast-main-header-display":"","ast-hfb-above-header-display":"","ast-hfb-below-header-display":"","ast-hfb-mobile-header-display":"","site-post-title":"disabled","ast-breadcrumbs-content":"","ast-featured-img":"disabled","footer-sml-layout":"","ast-disable-related-posts":"","theme-transparent-header-meta":"enabled","adv-header-id-meta":"","stick-header-meta":"","header-above-stick-meta":"","header-main-stick-meta":"","header-below-stick-meta":"","astra-migrate-meta-layouts":"default","ast-page-background-enabled":"default","ast-page-background-meta":{"desktop":{"background-color":"var(--ast-global-color-4)","background-image":"","background-repeat":"repeat","background-position":"center center","background-size":"auto","background-attachment":"scroll","background-type":"","background-media":"","overlay-type":"","overlay-color":"","overlay-opacity":"","overlay-gradient":""},"tablet":{"background-color":"","background-image":"","background-repeat":"repeat","background-position":"center center","background-size":"auto","background-attachment":"scroll","background-type":"","background-media":"","overlay-type":"","overlay-color":"","overlay-opacity":"","overlay-gradient":""},"mobile":{"background-color":"","background-image":"","background-repeat":"repeat","background-position":"center center","background-size":"auto","background-attachment":"scroll","background-type":"","background-media":"","overlay-type":"","overlay-color":"","overlay-opacity":"","overlay-gradient":""}},"ast-content-background-meta":{"desktop":{"background-color":"var(--ast-global-color-5)","background-image":"","background-repeat":"repeat","background-position":"center center","background-size":"auto","background-attachment":"scroll","background-type":"","background-media":"","overlay-type":"","overlay-color":"","overlay-opacity":"","overlay-gradient":""},"tablet":{"background-color":"var(--ast-global-color-5)","background-image":"","background-repeat":"repeat","background-position":"center center","background-size":"auto","background-attachment":"scroll","background-type":"","background-media":"","overlay-type":"","overlay-color":"","overlay-opacity":"","overlay-gradient":""},"mobile":{"background-color":"var(--ast-global-color-5)","background-image":"","background-repeat":"repeat","background-position":"center center","background-size":"auto","background-attachment":"scroll","background-type":"","background-media":"","overlay-type":"","overlay-color":"","overlay-opacity":"","overlay-gradient":""}},"_joinchat":[],"footnotes":""},"class_list":["post-2687","page","type-page","status-publish","hentry"],"yoast_head":"<!-- This site is optimized with the Yoast SEO plugin v27.3 - https:\/\/yoast.com\/product\/yoast-seo-wordpress\/ -->\n<title>Av\u00eds Legal | Morillas Coach<\/title>\n<meta name=\"description\" content=\"Informaci\u00f3 sobre el titular del lloc, condicions d&#039;\u00fas, responsabilitats i normativa vigent. Transpar\u00e8ncia i confian\u00e7a.\" \/>\n<meta name=\"robots\" content=\"noindex, nofollow\" \/>\n<meta property=\"og:locale\" content=\"ca_ES\" \/>\n<meta property=\"og:type\" content=\"article\" \/>\n<meta property=\"og:title\" content=\"Av\u00eds Legal | Morillas Coach\" \/>\n<meta property=\"og:description\" content=\"Informaci\u00f3 sobre el titular del lloc, condicions d&#039;\u00fas, responsabilitats i normativa vigent. Transpar\u00e8ncia i confian\u00e7a.\" \/>\n<meta property=\"og:url\" content=\"https:\/\/www.morillascoach.com\/ca\/avis-legal\/\" \/>\n<meta property=\"og:site_name\" content=\"Morillas Coach - Coach &amp; Personal trainer\" \/>\n<meta property=\"article:modified_time\" content=\"2025-08-14T09:51:43+00:00\" \/>\n<meta property=\"og:image\" content=\"https:\/\/www.morillascoach.com\/wp-content\/uploads\/2025\/08\/Mesa-de-trabajo-72@2x.png\" \/>\n<meta name=\"twitter:card\" content=\"summary_large_image\" \/>\n<meta name=\"twitter:label1\" content=\"Temps estimat de lectura\" \/>\n\t<meta name=\"twitter:data1\" content=\"1 minut\" \/>\n<script type=\"application\/ld+json\" class=\"yoast-schema-graph\">{\"@context\":\"https:\\\/\\\/schema.org\",\"@graph\":[{\"@type\":\"WebPage\",\"@id\":\"https:\\\/\\\/www.morillascoach.com\\\/ca\\\/avis-legal\\\/\",\"url\":\"https:\\\/\\\/www.morillascoach.com\\\/ca\\\/avis-legal\\\/\",\"name\":\"Av\u00eds Legal | Morillas Coach\",\"isPartOf\":{\"@id\":\"https:\\\/\\\/www.morillascoach.com\\\/ca\\\/#website\"},\"primaryImageOfPage\":{\"@id\":\"https:\\\/\\\/www.morillascoach.com\\\/ca\\\/avis-legal\\\/#primaryimage\"},\"image\":{\"@id\":\"https:\\\/\\\/www.morillascoach.com\\\/ca\\\/avis-legal\\\/#primaryimage\"},\"thumbnailUrl\":\"https:\\\/\\\/www.morillascoach.com\\\/wp-content\\\/uploads\\\/2025\\\/08\\\/Mesa-de-trabajo-72@2x.png\",\"datePublished\":\"2025-08-07T06:31:09+00:00\",\"dateModified\":\"2025-08-14T09:51:43+00:00\",\"description\":\"Informaci\u00f3 sobre el titular del lloc, condicions d'\u00fas, responsabilitats i normativa vigent. Transpar\u00e8ncia i confian\u00e7a.\",\"breadcrumb\":{\"@id\":\"https:\\\/\\\/www.morillascoach.com\\\/ca\\\/avis-legal\\\/#breadcrumb\"},\"inLanguage\":\"ca\",\"potentialAction\":[{\"@type\":\"ReadAction\",\"target\":[\"https:\\\/\\\/www.morillascoach.com\\\/ca\\\/avis-legal\\\/\"]}]},{\"@type\":\"ImageObject\",\"inLanguage\":\"ca\",\"@id\":\"https:\\\/\\\/www.morillascoach.com\\\/ca\\\/avis-legal\\\/#primaryimage\",\"url\":\"https:\\\/\\\/www.morillascoach.com\\\/wp-content\\\/uploads\\\/2025\\\/08\\\/Mesa-de-trabajo-72@2x.png\",\"contentUrl\":\"https:\\\/\\\/www.morillascoach.com\\\/wp-content\\\/uploads\\\/2025\\\/08\\\/Mesa-de-trabajo-72@2x.png\"},{\"@type\":\"BreadcrumbList\",\"@id\":\"https:\\\/\\\/www.morillascoach.com\\\/ca\\\/avis-legal\\\/#breadcrumb\",\"itemListElement\":[{\"@type\":\"ListItem\",\"position\":1,\"name\":\"Portada\",\"item\":\"https:\\\/\\\/www.morillascoach.com\\\/ca\\\/home2\\\/\"},{\"@type\":\"ListItem\",\"position\":2,\"name\":\"Av\u00eds Legal\"}]},{\"@type\":\"WebSite\",\"@id\":\"https:\\\/\\\/www.morillascoach.com\\\/ca\\\/#website\",\"url\":\"https:\\\/\\\/www.morillascoach.com\\\/ca\\\/\",\"name\":\"Morillas Coach - Coach & Personal trainer\",\"description\":\"Entrenador Personal \u00b7 Coach con 17 a\u00f1os de experiencia en entrenamiento h\u00edbrido en Mallorca\",\"publisher\":{\"@id\":\"https:\\\/\\\/www.morillascoach.com\\\/ca\\\/#organization\"},\"potentialAction\":[{\"@type\":\"SearchAction\",\"target\":{\"@type\":\"EntryPoint\",\"urlTemplate\":\"https:\\\/\\\/www.morillascoach.com\\\/ca\\\/?s={search_term_string}\"},\"query-input\":{\"@type\":\"PropertyValueSpecification\",\"valueRequired\":true,\"valueName\":\"search_term_string\"}}],\"inLanguage\":\"ca\"},{\"@type\":\"Organization\",\"@id\":\"https:\\\/\\\/www.morillascoach.com\\\/ca\\\/#organization\",\"name\":\"Morillas Coach - Coach & Personal trainer\",\"url\":\"https:\\\/\\\/www.morillascoach.com\\\/ca\\\/\",\"logo\":{\"@type\":\"ImageObject\",\"inLanguage\":\"ca\",\"@id\":\"https:\\\/\\\/www.morillascoach.com\\\/ca\\\/#\\\/schema\\\/logo\\\/image\\\/\",\"url\":\"https:\\\/\\\/www.morillascoach.com\\\/wp-content\\\/uploads\\\/2025\\\/08\\\/Mesa-de-trabajo-72-copia-2@2x-1.png\",\"contentUrl\":\"https:\\\/\\\/www.morillascoach.com\\\/wp-content\\\/uploads\\\/2025\\\/08\\\/Mesa-de-trabajo-72-copia-2@2x-1.png\",\"width\":956,\"height\":852,\"caption\":\"Morillas Coach - Coach & Personal trainer\"},\"image\":{\"@id\":\"https:\\\/\\\/www.morillascoach.com\\\/ca\\\/#\\\/schema\\\/logo\\\/image\\\/\"},\"sameAs\":[\"https:\\\/\\\/www.instagram.com\\\/morillascoach\"]}]}<\/script>\n<!-- \/ Yoast SEO plugin. -->","yoast_head_json":{"title":"Av\u00eds Legal | Morillas Coach","description":"Informaci\u00f3 sobre el titular del lloc, condicions d'\u00fas, responsabilitats i normativa vigent. Transpar\u00e8ncia i confian\u00e7a.","robots":{"index":"noindex","follow":"nofollow"},"og_locale":"ca_ES","og_type":"article","og_title":"Av\u00eds Legal | Morillas Coach","og_description":"Informaci\u00f3 sobre el titular del lloc, condicions d'\u00fas, responsabilitats i normativa vigent. Transpar\u00e8ncia i confian\u00e7a.","og_url":"https:\/\/www.morillascoach.com\/ca\/avis-legal\/","og_site_name":"Morillas Coach - Coach &amp; Personal trainer","article_modified_time":"2025-08-14T09:51:43+00:00","og_image":[{"url":"https:\/\/www.morillascoach.com\/wp-content\/uploads\/2025\/08\/Mesa-de-trabajo-72@2x.png","type":"","width":"","height":""}],"twitter_card":"summary_large_image","twitter_misc":{"Temps estimat de lectura":"1 minut"},"schema":{"@context":"https:\/\/schema.org","@graph":[{"@type":"WebPage","@id":"https:\/\/www.morillascoach.com\/ca\/avis-legal\/","url":"https:\/\/www.morillascoach.com\/ca\/avis-legal\/","name":"Av\u00eds Legal | Morillas Coach","isPartOf":{"@id":"https:\/\/www.morillascoach.com\/ca\/#website"},"primaryImageOfPage":{"@id":"https:\/\/www.morillascoach.com\/ca\/avis-legal\/#primaryimage"},"image":{"@id":"https:\/\/www.morillascoach.com\/ca\/avis-legal\/#primaryimage"},"thumbnailUrl":"https:\/\/www.morillascoach.com\/wp-content\/uploads\/2025\/08\/Mesa-de-trabajo-72@2x.png","datePublished":"2025-08-07T06:31:09+00:00","dateModified":"2025-08-14T09:51:43+00:00","description":"Informaci\u00f3 sobre el titular del lloc, condicions d'\u00fas, responsabilitats i normativa vigent. Transpar\u00e8ncia i confian\u00e7a.","breadcrumb":{"@id":"https:\/\/www.morillascoach.com\/ca\/avis-legal\/#breadcrumb"},"inLanguage":"ca","potentialAction":[{"@type":"ReadAction","target":["https:\/\/www.morillascoach.com\/ca\/avis-legal\/"]}]},{"@type":"ImageObject","inLanguage":"ca","@id":"https:\/\/www.morillascoach.com\/ca\/avis-legal\/#primaryimage","url":"https:\/\/www.morillascoach.com\/wp-content\/uploads\/2025\/08\/Mesa-de-trabajo-72@2x.png","contentUrl":"https:\/\/www.morillascoach.com\/wp-content\/uploads\/2025\/08\/Mesa-de-trabajo-72@2x.png"},{"@type":"BreadcrumbList","@id":"https:\/\/www.morillascoach.com\/ca\/avis-legal\/#breadcrumb","itemListElement":[{"@type":"ListItem","position":1,"name":"Portada","item":"https:\/\/www.morillascoach.com\/ca\/home2\/"},{"@type":"ListItem","position":2,"name":"Av\u00eds Legal"}]},{"@type":"WebSite","@id":"https:\/\/www.morillascoach.com\/ca\/#website","url":"https:\/\/www.morillascoach.com\/ca\/","name":"Morillas Coach - Coach & Personal trainer","description":"Entrenador Personal \u00b7 Coach con 17 a\u00f1os de experiencia en entrenamiento h\u00edbrido en Mallorca","publisher":{"@id":"https:\/\/www.morillascoach.com\/ca\/#organization"},"potentialAction":[{"@type":"SearchAction","target":{"@type":"EntryPoint","urlTemplate":"https:\/\/www.morillascoach.com\/ca\/?s={search_term_string}"},"query-input":{"@type":"PropertyValueSpecification","valueRequired":true,"valueName":"search_term_string"}}],"inLanguage":"ca"},{"@type":"Organization","@id":"https:\/\/www.morillascoach.com\/ca\/#organization","name":"Morillas Coach - Coach & Personal trainer","url":"https:\/\/www.morillascoach.com\/ca\/","logo":{"@type":"ImageObject","inLanguage":"ca","@id":"https:\/\/www.morillascoach.com\/ca\/#\/schema\/logo\/image\/","url":"https:\/\/www.morillascoach.com\/wp-content\/uploads\/2025\/08\/Mesa-de-trabajo-72-copia-2@2x-1.png","contentUrl":"https:\/\/www.morillascoach.com\/wp-content\/uploads\/2025\/08\/Mesa-de-trabajo-72-copia-2@2x-1.png","width":956,"height":852,"caption":"Morillas Coach - Coach & Personal trainer"},"image":{"@id":"https:\/\/www.morillascoach.com\/ca\/#\/schema\/logo\/image\/"},"sameAs":["https:\/\/www.instagram.com\/morillascoach"]}]}},"_links":{"self":[{"href":"https:\/\/www.morillascoach.com\/ca\/wp-json\/wp\/v2\/pages\/2687","targetHints":{"allow":["GET"]}}],"collection":[{"href":"https:\/\/www.morillascoach.com\/ca\/wp-json\/wp\/v2\/pages"}],"about":[{"href":"https:\/\/www.morillascoach.com\/ca\/wp-json\/wp\/v2\/types\/page"}],"author":[{"embeddable":true,"href":"https:\/\/www.morillascoach.com\/ca\/wp-json\/wp\/v2\/users\/1"}],"replies":[{"embeddable":true,"href":"https:\/\/www.morillascoach.com\/ca\/wp-json\/wp\/v2\/comments?post=2687"}],"version-history":[{"count":2,"href":"https:\/\/www.morillascoach.com\/ca\/wp-json\/wp\/v2\/pages\/2687\/revisions"}],"predecessor-version":[{"id":2689,"href":"https:\/\/www.morillascoach.com\/ca\/wp-json\/wp\/v2\/pages\/2687\/revisions\/2689"}],"wp:attachment":[{"href":"https:\/\/www.morillascoach.com\/ca\/wp-json\/wp\/v2\/media?parent=2687"}],"curies":[{"name":"wp","href":"https:\/\/api.w.org\/{rel}","templated":true}]}}